{"id":152,"date":"2026-02-26T10:20:23","date_gmt":"2026-02-26T09:20:23","guid":{"rendered":"https:\/\/www.bimbuewele.com\/carte\/?page_id=152"},"modified":"2026-02-27T10:25:29","modified_gmt":"2026-02-27T09:25:29","slug":"carte-du-midi","status":"publish","type":"page","link":"https:\/\/www.bimbuewele.com\/carte\/carte-du-midi\/","title":{"rendered":"Carte du Midi"},"content":{"rendered":"\n<p class=\"has-large-font-size\"><strong><em>Plat du Jour<\/em><\/strong><\/p>\n\n\n\n<figure class=\"wp-block-table is-style-stripes\"><table><tbody><tr><td>Entr\u00e9e + Plat ou Plat + Dessert<\/td><td class=\"has-text-align-center\" data-align=\"center\">14,00\u20ac<\/td><\/tr><tr><td>Entr\u00e9e + Plat + Dessert<\/td><td class=\"has-text-align-center\" data-align=\"center\">18,00\u20ac<\/td><\/tr><\/tbody><\/table><figcaption class=\"wp-element-caption\">Prix Nets<\/figcaption><\/figure>\n\n\n\n<p class=\"has-large-font-size\"><strong><em>Nos Entr\u00e9es<\/em><\/strong><\/p>\n\n\n\n<figure class=\"wp-block-table is-style-stripes\"><table><tbody><tr><td><\/td><td class=\"has-text-align-center\" data-align=\"center\">Grande<\/td><td class=\"has-text-align-center\" data-align=\"center\">Petite<\/td><\/tr><tr><td>Assiette de Crudit\u00e9s<\/td><td class=\"has-text-align-center\" data-align=\"center\">9,00\u20ac<\/td><td class=\"has-text-align-center\" data-align=\"center\">5,00\u20ac<\/td><\/tr><tr><td>Salade Mixte (Cervelas, emmental)<\/td><td class=\"has-text-align-center\" data-align=\"center\">15,00\u20ac<\/td><td class=\"has-text-align-center\" data-align=\"center\">8,50\u20ac<\/td><\/tr><tr><td>Salade Fermi\u00e8re<\/td><td class=\"has-text-align-center\" data-align=\"center\">16,00\u20ac<\/td><td class=\"has-text-align-center\" data-align=\"center\">9,00\u20ac<\/td><\/tr><tr><td>Douzaine d&rsquo;Escargots<\/td><td class=\"has-text-align-center\" data-align=\"center\">16,00\u20ac<\/td><td class=\"has-text-align-center\" data-align=\"center\"><\/td><\/tr><tr><td>Demi &#8211; Douzaine d&rsquo;Escargots<\/td><td class=\"has-text-align-center\" data-align=\"center\">8,50\u20ac<\/td><td class=\"has-text-align-center\" data-align=\"center\"><\/td><\/tr><\/tbody><\/table><figcaption class=\"wp-element-caption\">Prix Nets<\/figcaption><\/figure>\n\n\n\n<p class=\"has-large-font-size\"><strong><em>Nos sp\u00e9cialit\u00e9s<\/em><\/strong><\/p>\n\n\n\n<figure class=\"wp-block-table is-style-stripes\"><table><tbody><tr><td>Grumberekechle sur Salade&nbsp;<\/td><td class=\"has-text-align-center\" data-align=\"center\">14,50\u20ac<\/td><\/tr><tr><td>Supp Saumon Fum\u00e9 4.50 \u20ac, 2 Jambons 4.00 \u20ac<\/td><td class=\"has-text-align-center\" data-align=\"center\"><\/td><\/tr><tr><td>B\u00fcewespaetzle Cr\u00e8me et Lardons, salade verte<\/td><td class=\"has-text-align-center\" data-align=\"center\">14,70\u20ac<\/td><\/tr><tr><td>B\u00fcewespaetzle aux Champignons Frais, salade verte<\/td><td class=\"has-text-align-center\" data-align=\"center\">14,70\u20ac<\/td><\/tr><tr><td>Fleischkechle Nature<\/td><td class=\"has-text-align-center\" data-align=\"center\">16,00\u20ac<\/td><\/tr><tr><td>Fleischkechle \u00e0 la Cr\u00e8me et &nbsp;Champignons Frais<\/td><td class=\"has-text-align-center\" data-align=\"center\">17,70\u20ac<\/td><\/tr><tr><td>Lewerknepfle \u00e0 la Cr\u00e8me et Champignons Frais<\/td><td class=\"has-text-align-center\" data-align=\"center\">17,70\u20ac<\/td><\/tr><tr><td>Camembert Frit, pommes saut\u00e9es, salade verte<\/td><td class=\"has-text-align-center\" data-align=\"center\">16,50\u20ac<\/td><\/tr><tr><td>Ch\u00e8vre Frit aux deux Pommes, salade verte<\/td><td class=\"has-text-align-center\" data-align=\"center\">16,50\u20ac<\/td><\/tr><tr><td>Munster Frit, pommes saut\u00e9es, salade verte<\/td><td class=\"has-text-align-center\" data-align=\"center\">16,50\u20ac<\/td><\/tr><tr><td>Assortiment de Fromages Frits, pommes saut\u00e9es, salade verte<\/td><td class=\"has-text-align-center\" data-align=\"center\">16,50\u20ac<\/td><\/tr><tr><td>Bibeleskaess, ail, ciboulette, lardons, oignons,&nbsp;pommes saut\u00e9es et<br>jambon de pays<\/td><td class=\"has-text-align-center\" data-align=\"center\">16,50\u20ac<\/td><\/tr><\/tbody><\/table><figcaption class=\"wp-element-caption\"><em>Prix Nets<\/em><\/figcaption><\/figure>\n\n\n\n<p class=\"has-large-font-size\"><strong><em>Nos Viandes et Poissons<\/em><\/strong><\/p>\n\n\n\n<figure class=\"wp-block-table is-style-stripes\"><table><tbody><tr><td>Escalope de Veau \u00e0 la Cr\u00e8me et ses Champignons<\/td><td class=\"has-text-align-center\" data-align=\"center\">19,90\u20ac<\/td><\/tr><tr><td>Cordon Bleu de Veau nature &nbsp;(25 mn)<\/td><td class=\"has-text-align-center\" data-align=\"center\">20,50\u20ac<\/td><\/tr><tr><td>Cordon Bleu de Veau \u00e0 la Cr\u00e8me et ses Champignons (25 mn)<\/td><td class=\"has-text-align-center\" data-align=\"center\">22,00\u20ac<\/td><\/tr><tr><td>Cordon Bleu de Veau &nbsp;Sauce au Munster (25 mn)<\/td><td class=\"has-text-align-center\" data-align=\"center\">22,80\u20ac<\/td><\/tr><tr><td>Faux Filet Ma\u00eetre d\u2019H\u00f4tel<\/td><td class=\"has-text-align-center\" data-align=\"center\">20,50\u20ac<\/td><\/tr><tr><td><\/td><td class=\"has-text-align-center\" data-align=\"center\"><\/td><\/tr><tr><td>Filets de Sole Fa\u00e7on Bouch\u00e9e \u00e0 la Reine,<br>riz ou spaetzle<\/td><td class=\"has-text-align-center\" data-align=\"center\">25,00\u20ac<\/td><\/tr><\/tbody><\/table><figcaption class=\"wp-element-caption\"><em>Prix Nets<\/em><\/figcaption><\/figure>\n\n\n\n<p class=\"has-text-align-center\">Toutes nos viandes sont accompagn\u00e9es au choix : de frites (maison Lutosa), pommes saut\u00e9es, spaetzle ou b\u00fcewespaetzle.<br>Pour lier nos fonds maison nous utilisons des produits Unilever.<br>Suppl\u00e9ment garniture 4,00 \u20ac,.<br>Suppl\u00e9ment salade verte par personne 2,00 \u20ac<\/p>\n\n\n\n<p class=\"has-large-font-size\"><strong><em>Menus Enfants<\/em><\/strong><\/p>\n\n\n\n<p><\/p>\n\n\n\n<div class=\"wp-block-columns is-layout-flex wp-container-core-columns-is-layout-9d6595d7 wp-block-columns-is-layout-flex\">\n<div class=\"wp-block-column is-layout-flow wp-block-column-is-layout-flow\" style=\"flex-basis:100%\">\n<div class=\"wp-block-columns is-layout-flex wp-container-core-columns-is-layout-9d6595d7 wp-block-columns-is-layout-flex\">\n<div class=\"wp-block-column is-layout-flow wp-block-column-is-layout-flow\" style=\"flex-basis:100%\">\n<figure class=\"wp-block-table is-style-stripes\"><table><tbody><tr><td>Fleischkechle, sauce cr\u00e8me champignons,<br>frites et glace&nbsp;<\/td><td class=\"has-text-align-center\" data-align=\"center\">9,00\u20ac<\/td><\/tr><tr><td>Nuggets, frites et glace<\/td><td class=\"has-text-align-center\" data-align=\"center\">9,00\u20ac<\/td><\/tr><tr><td>Jambon, frites et glace<\/td><td class=\"has-text-align-center\" data-align=\"center\">8,00\u20ac<\/td><\/tr><tr><td>Buewesapaetzle cr\u00e8me et lard, salade et glace<\/td><td class=\"has-text-align-center\" data-align=\"center\">9,00\u20ac<\/td><\/tr><\/tbody><\/table><figcaption class=\"wp-element-caption\"><em>Prix Nets<\/em><\/figcaption><\/figure>\n<\/div>\n<\/div>\n<\/div>\n<\/div>\n\n\n\n<p class=\"has-large-font-size\"><strong><em>Nos Desserts<\/em><\/strong><\/p>\n\n\n\n<figure class=\"wp-block-table is-style-stripes\"><table><tbody><tr><td>Caf\u00e9 Gourmand<\/td><td><\/td><td class=\"has-text-align-center\" data-align=\"center\">8,00\u20ac<\/td><\/tr><tr><td>Coupe Glac\u00e9e<\/td><td><\/td><td class=\"has-text-align-center\" data-align=\"center\">6,50\u20ac<\/td><\/tr><tr><td>Coupe Glac\u00e9e Chantilly<\/td><td><\/td><td class=\"has-text-align-center\" data-align=\"center\">6,90\u20ac<\/td><\/tr><tr><td>Dame Blanche<\/td><td><\/td><td class=\"has-text-align-center\" data-align=\"center\">7,50\u20ac<\/td><\/tr><tr><td>Profiteroles<\/td><td><\/td><td class=\"has-text-align-center\" data-align=\"center\">8,00\u20ac<\/td><\/tr><tr><td>Ile Flottante<\/td><td><\/td><td class=\"has-text-align-center\" data-align=\"center\">7,00\u20ac<\/td><\/tr><tr><td>Meringue Glac\u00e9e Chantilly<\/td><td><\/td><td class=\"has-text-align-center\" data-align=\"center\">8,00\u20ac<\/td><\/tr><tr><td>Caf\u00e9 ou Chocolat Li\u00e9geois<\/td><td><\/td><td class=\"has-text-align-center\" data-align=\"center\">7,50\u20ac<\/td><\/tr><tr><td>Tarte<\/td><td><\/td><td class=\"has-text-align-center\" data-align=\"center\">6,50\u20ac<\/td><\/tr><tr><td>Cr\u00e8me Br\u00fbl\u00e9e<\/td><td><\/td><td class=\"has-text-align-center\" data-align=\"center\">6,50\u20ac<\/td><\/tr><tr><td>Charlotte<\/td><td><\/td><td class=\"has-text-align-center\" data-align=\"center\">7,50\u20ac<\/td><\/tr><tr><td>Fondant au Chocolat<\/td><td><\/td><td class=\"has-text-align-center\" data-align=\"center\">9,50\u20ac<\/td><\/tr><tr><td>Sorbet Nature<\/td><td><\/td><td class=\"has-text-align-center\" data-align=\"center\">6,50\u20ac<\/td><\/tr><tr><td>Sorbet Arros\u00e9<\/td><td><\/td><td class=\"has-text-align-center\" data-align=\"center\">9,90\u20ac<\/td><\/tr><\/tbody><\/table><figcaption class=\"wp-element-caption\"><em>Prix Nets<\/em><\/figcaption><\/figure>\n\n\n\n<p class=\"has-large-font-size\"><strong><em>Nos Ap\u00e9ritifs<\/em><\/strong><\/p>\n\n\n\n<figure class=\"wp-block-table is-style-stripes\"><table><tbody><tr><td>Ap\u00e9rol Spritz ou Coktail du Moment<\/td><td class=\"has-text-align-center\" data-align=\"center\">7,50\u20ac<\/td><\/tr><tr><td>K<em>ir vin blanc d\u2019Alsace<\/em><br><em>(cassis, p\u00eache, m\u00fbre, melon, violette, mirabelle, framboise) 12 cl<\/em><\/td><td class=\"has-text-align-center\" data-align=\"center\">3,50\u20ac<\/td><\/tr><tr><td>Kir Cr\u00e9mant <br>(cassis, p\u00eache, m\u00fbre, melon, violette, mirabelle, framboise) 12 cl<\/td><td class=\"has-text-align-center\" data-align=\"center\">6,40\u20ac<\/td><\/tr><tr><td>Coupe de Cr\u00e9mant 12 cl<\/td><td class=\"has-text-align-center\" data-align=\"center\">6,00\u20ac<\/td><\/tr><tr><td>Verre de Muscat 12 cl<\/td><td class=\"has-text-align-center\" data-align=\"center\">5,50\u20ac<\/td><\/tr><tr><td>Verre de Saint Luc 12 cl<\/td><td class=\"has-text-align-center\" data-align=\"center\">5,50\u20ac<\/td><\/tr><tr><td>Verre de Vendanges Tardives 12 cl<\/td><td class=\"has-text-align-center\" data-align=\"center\">8,00\u20ac<\/td><\/tr><tr><td>Martini rouge, ros\u00e9 ou blanc 4 cl<\/td><td class=\"has-text-align-center\" data-align=\"center\">3,60\u20ac<\/td><\/tr><tr><td>Suze 4 cl<\/td><td class=\"has-text-align-center\" data-align=\"center\">3,60\u20ac<\/td><\/tr><tr><td>Campari 4 cl<\/td><td class=\"has-text-align-center\" data-align=\"center\">3,60\u20ac<\/td><\/tr><tr><td>Pastis, Ricard 2 cl<\/td><td class=\"has-text-align-center\" data-align=\"center\">3,80\u20ac<\/td><\/tr><tr><td>Porto 4 cl<\/td><td class=\"has-text-align-center\" data-align=\"center\">3,60\u20ac<\/td><\/tr><tr><td>Bourbon 4 cl<\/td><td class=\"has-text-align-center\" data-align=\"center\">6,00\u20ac<\/td><\/tr><tr><td>Whisky, Gin , Vodka 4 cl<\/td><td class=\"has-text-align-center\" data-align=\"center\">5,50\u20ac<\/td><\/tr><tr><td>Picon bi\u00e8re, Cynar bi\u00e8re, Amer Fleur de bi\u00e8re 25 cl<\/td><td class=\"has-text-align-center\" data-align=\"center\">4,20\u20ac<\/td><\/tr><tr><td>Bi\u00e8re 25cl<\/td><td class=\"has-text-align-center\" data-align=\"center\">3,20\u20ac<\/td><\/tr><tr><td>Bi\u00e8re Sp\u00e9ciale du Moment 25cl<\/td><td class=\"has-text-align-center\" data-align=\"center\">4,00\u20ac<\/td><\/tr><\/tbody><\/table><figcaption class=\"wp-element-caption\">Prix nets<\/figcaption><\/figure>\n\n\n\n<p class=\"has-large-font-size\"><strong><em>Nos Boissons Froides<\/em><\/strong><\/p>\n\n\n\n<figure class=\"wp-block-table is-style-stripes\"><table><tbody><tr><td>Carola 50 cl<br>Plate, L\u00e9g\u00e8re, P\u00e9tillante<\/td><td class=\"has-text-align-right\" data-align=\"right\">2,60\u20ac<\/td><\/tr><tr><td>Carola Litre<\/td><td class=\"has-text-align-right\" data-align=\"right\">5,00\u20ac<\/td><\/tr><tr><td>Perrier 33cl<\/td><td class=\"has-text-align-right\" data-align=\"right\">3,90\u20ac<\/td><\/tr><tr><td>Coca 33cl<\/td><td class=\"has-text-align-right\" data-align=\"right\">3,20\u20ac<\/td><\/tr><tr><td>Coca Z\u00e9ro, Cherry 33cl<\/td><td class=\"has-text-align-right\" data-align=\"right\">3,20\u20ac<\/td><\/tr><tr><td>Orangina 25cl<\/td><td class=\"has-text-align-right\" data-align=\"right\">3,20\u20ac<\/td><\/tr><tr><td>Schweppes 20cl<\/td><td class=\"has-text-align-right\" data-align=\"right\">3,70\u20ac<\/td><\/tr><tr><td>Limonade 20cl<\/td><td class=\"has-text-align-right\" data-align=\"right\">2,20 \u20ac<\/td><\/tr><tr><td>Diabolo 20cl<\/td><td class=\"has-text-align-right\" data-align=\"right\">2,30\u20ac<\/td><\/tr><tr><td>Bitter sans alcool<\/td><td class=\"has-text-align-right\" data-align=\"right\">3,40\u20ac<\/td><\/tr><tr><td>Jus d&rsquo;orange ou de pomme 20cl<\/td><td class=\"has-text-align-right\" data-align=\"right\">3,00\u20ac<\/td><\/tr><tr><td>Ice Tea 20cl<\/td><td class=\"has-text-align-right\" data-align=\"right\">3,00\u20ac<\/td><\/tr><tr><td>Sirop \u00e0 l&rsquo;eau 20cl<\/td><td class=\"has-text-align-right\" data-align=\"right\">1,50 \u20ac<\/td><\/tr><tr><td>Bi\u00e8re sans alcool<\/td><td class=\"has-text-align-right\" data-align=\"right\">4,00\u20ac<\/td><\/tr><tr><td>Pampryl 25cl : ACE, Fraise, Ananas, Abricot, Poire, P\u00eache, <br> Banane, Raisin, tomate, mangue<\/td><td class=\"has-text-align-right\" data-align=\"right\">3,60 \u20ac<\/td><\/tr><\/tbody><\/table><\/figure>\n\n\n\n<p class=\"has-large-font-size\"><strong><em>Nos Boissons Chaudes<\/em><\/strong><\/p>\n\n\n\n<figure class=\"wp-block-table is-style-stripes\"><table><tbody><tr><td>Caf\u00e9<\/td><td class=\"has-text-align-right\" data-align=\"right\">2,00\u20ac<\/td><\/tr><tr><td>Grand caf\u00e9<\/td><td class=\"has-text-align-right\" data-align=\"right\">2,70\u20ac<\/td><\/tr><tr><td>D\u00e9caf\u00e9in\u00e9<\/td><td class=\"has-text-align-right\" data-align=\"right\">2,10\u20ac<\/td><\/tr><tr><td>Irish Caf\u00e9<\/td><td class=\"has-text-align-right\" data-align=\"right\">8,50\u20ac<\/td><\/tr><tr><td>Th\u00e9<\/td><td class=\"has-text-align-right\" data-align=\"right\">2,50\u20ac<\/td><\/tr><tr><td>infusion<\/td><td class=\"has-text-align-right\" data-align=\"right\">2,50\u20ac<\/td><\/tr><tr><td>Cappuccino<\/td><td class=\"has-text-align-right\" data-align=\"right\">3,20\u20ac<\/td><\/tr><tr><td>Caf\u00e9 Alsacien<\/td><td class=\"has-text-align-right\" data-align=\"right\">8,50\u20ac<\/td><\/tr><\/tbody><\/table><figcaption class=\"wp-element-caption\">Prix Nets<\/figcaption><\/figure>\n\n\n\n<p class=\"has-text-align-center has-large-font-size\"><strong><em>Le Buewele<\/em><\/strong><\/p>\n\n\n\n<p class=\"has-text-align-center has-large-font-size\"><strong><em>Et<\/em><\/strong><\/p>\n\n\n\n<p class=\"has-text-align-center has-large-font-size\"><em><strong>Son Equipe<\/strong><\/em><\/p>\n\n\n\n<p class=\"has-text-align-center has-large-font-size\"><strong><em>Vous remercient\u2026<\/em><\/strong><\/p>\n\n\n\n<p class=\"has-text-align-center has-large-font-size\"><strong><em>A tr\u00e8s Bient\u00f4t&nbsp;!<\/em><\/strong><\/p>\n","protected":false},"excerpt":{"rendered":"<p>Plat du Jour Entr\u00e9e + Plat ou Plat + Dessert 14,00\u20ac Entr\u00e9e + Plat + Dessert 18,00\u20ac Prix Nets Nos Entr\u00e9es Grande Petite Assiette de Crudit\u00e9s 9,00\u20ac 5,00\u20ac Salade Mixte (Cervelas, emmental) 15,00\u20ac 8,50\u20ac Salade Fermi\u00e8re 16,00\u20ac 9,00\u20ac Douzaine d&rsquo;Escargots 16,00\u20ac Demi &#8211; Douzaine d&rsquo;Escargots 8,50\u20ac Prix Nets Nos sp\u00e9cialit\u00e9s Grumberekechle sur Salade&nbsp; 14,50\u20ac Supp&hellip; <a class=\"more-link\" href=\"https:\/\/www.bimbuewele.com\/carte\/carte-du-midi\/\">Poursuivre la lecture <span class=\"screen-reader-text\">Carte du Midi<\/span><\/a><\/p>\n","protected":false},"author":1,"featured_media":0,"parent":0,"menu_order":0,"comment_status":"closed","ping_status":"closed","template":"","meta":{"footnotes":""},"class_list":["post-152","page","type-page","status-publish","hentry","entry"],"_links":{"self":[{"href":"https:\/\/www.bimbuewele.com\/carte\/wp-json\/wp\/v2\/pages\/152","targetHints":{"allow":["GET"]}}],"collection":[{"href":"https:\/\/www.bimbuewele.com\/carte\/wp-json\/wp\/v2\/pages"}],"about":[{"href":"https:\/\/www.bimbuewele.com\/carte\/wp-json\/wp\/v2\/types\/page"}],"author":[{"embeddable":true,"href":"https:\/\/www.bimbuewele.com\/carte\/wp-json\/wp\/v2\/users\/1"}],"replies":[{"embeddable":true,"href":"https:\/\/www.bimbuewele.com\/carte\/wp-json\/wp\/v2\/comments?post=152"}],"version-history":[{"count":5,"href":"https:\/\/www.bimbuewele.com\/carte\/wp-json\/wp\/v2\/pages\/152\/revisions"}],"predecessor-version":[{"id":160,"href":"https:\/\/www.bimbuewele.com\/carte\/wp-json\/wp\/v2\/pages\/152\/revisions\/160"}],"wp:attachment":[{"href":"https:\/\/www.bimbuewele.com\/carte\/wp-json\/wp\/v2\/media?parent=152"}],"curies":[{"name":"wp","href":"https:\/\/api.w.org\/{rel}","templated":true}]}}